{"id":139,"date":"2025-09-12T20:10:54","date_gmt":"2025-09-12T20:10:54","guid":{"rendered":"https:\/\/www.bois-de-regate.com\/?page_id=139"},"modified":"2025-09-13T10:00:15","modified_gmt":"2025-09-13T10:00:15","slug":"a-propos","status":"publish","type":"page","link":"https:\/\/www.bois-de-regate.com\/?page_id=139","title":{"rendered":"\u00c0 propos"},"content":{"rendered":"\t\t<div data-elementor-type=\"wp-page\" data-elementor-id=\"139\" class=\"elementor elementor-139\">\n\t\t\t\t<div class=\"elementor-element elementor-element-354bba7 e-flex e-con-boxed e-con e-parent\" data-id=\"354bba7\" data-element_type=\"container\" data-settings=\"{&quot;background_background&quot;:&quot;classic&quot;}\">\n\t\t\t\t\t<div class=\"e-con-inner\">\n\t\t\t\t<div class=\"elementor-element elementor-element-6e74978 elementor-widget elementor-widget-heading\" data-id=\"6e74978\" data-element_type=\"widget\" data-widget_type=\"heading.default\">\n\t\t\t\t\t<h2 class=\"elementor-heading-title elementor-size-default\">\u00c0 PROPOS<\/h2>\t\t\t\t<\/div>\n\t\t\t\t\t<\/div>\n\t\t\t\t<\/div>\n\t\t<div class=\"elementor-element elementor-element-94aa3ea e-flex e-con-boxed e-con e-parent\" data-id=\"94aa3ea\" data-element_type=\"container\">\n\t\t\t\t\t<div class=\"e-con-inner\">\n\t\t<div class=\"elementor-element elementor-element-dd88b43 e-con-full e-flex e-con e-child\" data-id=\"dd88b43\" data-element_type=\"container\">\n\t\t\t\t<div class=\"elementor-element elementor-element-cd809cb elementor-widget elementor-widget-text-editor\" data-id=\"cd809cb\" data-element_type=\"widget\" data-widget_type=\"text-editor.default\">\n\t\t\t\t\t\t\t\t\t<div id=\"bgLayers_comp-lvfckpdm\" class=\"MW5IWV\" data-hook=\"bgLayers\" data-motion-part=\"BG_LAYER comp-lvfckpdm\"><div id=\"bgMedia_comp-lvfckpdm\" class=\"VgO9Yg\" data-motion-part=\"BG_MEDIA comp-lvfckpdm\"><span style=\"font-size: 1rem; color: inherit; font-family: inherit;\">Comme beaucoup, la p\u00e9riode Covid m\u2019a permis de laisser m\u00fbrir mes inspirations et de prendre le temps de r\u00e9fl\u00e9chir la mise en \u0153uvre.<\/span><\/div><\/div><div class=\"\" data-mesh-id=\"comp-lvfckpdminlineContent\" data-testid=\"inline-content\"><div data-mesh-id=\"comp-lvfckpdminlineContent-gridContainer\" data-testid=\"mesh-container-content\"><div id=\"comp-mdbttkgq\" class=\"s0rHfl\"><div id=\"text-content-comp-mdbttkgq\" class=\"Z_l5lU ku3DBC zQ9jDz Vq6kJx comp-mdbttkgq wixui-rich-text\" data-testid=\"richTextElement\"><p class=\"font_8 wixui-rich-text__text\">\u00a0<\/p><p class=\"font_8 wixui-rich-text__text\"><span class=\"wixui-rich-text__text\">Ma passion, c&#8217;est le bateau, la voile et le plaisir d&#8217;admirer ces si belles cr\u00e9ations dans les ports et plans d\u2019eau de nos c\u00f4tes fran\u00e7aises. C&#8217;est un vrai r\u00e9gal que de trouver le meilleur point de vue pour admirer la ligne de coque, les belles courbes tendues du gr\u00e9ement que chaque bateau est capable d\u2019offrir.<\/span><\/p><\/div><\/div><div id=\"comp-mdbzu72w\" class=\"s0rHfl\"><div id=\"text-content-comp-mdbzu72w\" class=\"Z_l5lU ku3DBC zQ9jDz Vq6kJx comp-mdbzu72w wixui-rich-text\" data-testid=\"richTextElement\">\u00a0<\/div><\/div><\/div><\/div>\t\t\t\t\t\t\t\t<\/div>\n\t\t\t\t<\/div>\n\t\t<div class=\"elementor-element elementor-element-db90892 e-con-full e-flex e-con e-child\" data-id=\"db90892\" data-element_type=\"container\">\n\t\t\t\t<div class=\"elementor-element elementor-element-35b8bb3 elementor-widget elementor-widget-image\" data-id=\"35b8bb3\" data-element_type=\"widget\" data-widget_type=\"image.default\">\n\t\t\t\t\t\t\t\t\t\t\t\t\t\t\t<img fetchpriority=\"high\" decoding=\"async\" width=\"616\" height=\"344\" src=\"https:\/\/www.bois-de-regate.com\/wp-content\/uploads\/2025\/09\/4d93ca_7b393e3e2ebd4001a23e920f4bf81dd8mv2.avif\" class=\"attachment-large size-large wp-image-154\" alt=\"\" \/>\t\t\t\t\t\t\t\t\t\t\t\t\t\t\t<\/div>\n\t\t\t\t<\/div>\n\t\t\t\t\t<\/div>\n\t\t\t\t<\/div>\n\t\t<div class=\"elementor-element elementor-element-3a13a1b e-flex e-con-boxed e-con e-parent\" data-id=\"3a13a1b\" data-element_type=\"container\">\n\t\t\t\t\t<div class=\"e-con-inner\">\n\t\t<div class=\"elementor-element elementor-element-ce8e748 e-con-full e-flex e-con e-child\" data-id=\"ce8e748\" data-element_type=\"container\">\n\t\t\t\t<div class=\"elementor-element elementor-element-8dceaf9 elementor-widget elementor-widget-image\" data-id=\"8dceaf9\" data-element_type=\"widget\" data-widget_type=\"image.default\">\n\t\t\t\t\t\t\t\t\t\t\t\t\t\t\t<img decoding=\"async\" width=\"462\" height=\"474\" src=\"https:\/\/www.bois-de-regate.com\/wp-content\/uploads\/2025\/09\/IMG_0808_HEIC.avif\" class=\"attachment-large size-large wp-image-153\" alt=\"\" \/>\t\t\t\t\t\t\t\t\t\t\t\t\t\t\t<\/div>\n\t\t\t\t<\/div>\n\t\t<div class=\"elementor-element elementor-element-4b15397 e-con-full e-flex e-con e-child\" data-id=\"4b15397\" data-element_type=\"container\">\n\t\t\t\t<div class=\"elementor-element elementor-element-d600244 elementor-widget elementor-widget-text-editor\" data-id=\"d600244\" data-element_type=\"widget\" data-widget_type=\"text-editor.default\">\n\t\t\t\t\t\t\t\t\t<div id=\"comp-mdbzrak1\" class=\"Z_l5lU ku3DBC zQ9jDz qvSjx3 Vq6kJx comp-mdbzrak1 wixui-rich-text\" data-testid=\"richTextElement\"><p class=\"font_8 wixui-rich-text__text\"><span class=\"wixui-rich-text__text\">C&#8217;est gr\u00e2ce \u00e0 mes inspirations et cette passion que durant le printemps 2020, j\u2019ai commenc\u00e9 \u00e0 mod\u00e9liser cet esprit du nautisme \u00e0 partir de ce que j&#8217;avais \u00e0 port\u00e9e de main : des b\u00fbches, une scie, des r\u00e2pes et du papier de verre.<\/span><\/p><p class=\"font_8 wixui-rich-text__text\"><span class=\"wixui-rich-text__text\">Jour apr\u00e8s jour, sur le morceau de bois fix\u00e9 sur mon \u00e9tabli, j\u2019ai coup\u00e9 et ponc\u00e9 pour mod\u00e9liser dans un premier temps une demi coque d&#8217;armagnac puis une coque compl\u00e8te d&#8217;un SWAN 57.<\/span><\/p><\/div><div id=\"comp-mdbzu72w\" class=\"Z_l5lU ku3DBC zQ9jDz qvSjx3 Vq6kJx comp-mdbzu72w wixui-rich-text\" data-testid=\"richTextElement\"><p class=\"font_8 wixui-rich-text__text\"><span class=\"wixui-rich-text__text\">Au fur et \u00e0 mesure, mes sculptures s\u2019affinent et commencent \u00e0 ressembler \u00e0 des vrais bateaux.\u00a0<\/span><\/p><p class=\"font_8 wixui-rich-text__text\"><span class=\"wixui-rich-text__text\">J\u2019ai l&#8217;impression d&#8217;avoir cr\u00e9\u00e9 mon petit chantier naval dans lequel mes coques de bateau se concr\u00e9tisent, tels de v\u00e9ritables bateaux !<\/span><\/p><\/div>\t\t\t\t\t\t\t\t<\/div>\n\t\t\t\t<\/div>\n\t\t\t\t\t<\/div>\n\t\t\t\t<\/div>\n\t\t<div class=\"elementor-element elementor-element-03112b9 e-flex e-con-boxed e-con e-parent\" data-id=\"03112b9\" data-element_type=\"container\">\n\t\t\t\t\t<div class=\"e-con-inner\">\n\t\t\t\t<div class=\"elementor-element elementor-element-4de996b elementor-hidden-desktop elementor-hidden-tablet elementor-widget elementor-widget-image\" data-id=\"4de996b\" data-element_type=\"widget\" data-widget_type=\"image.default\">\n\t\t\t\t\t\t\t\t\t\t\t\t\t\t\t<img decoding=\"async\" width=\"302\" height=\"474\" src=\"https:\/\/www.bois-de-regate.com\/wp-content\/uploads\/2025\/09\/IMG_0397_HEIC.avif\" class=\"attachment-large size-large wp-image-151\" alt=\"\" \/>\t\t\t\t\t\t\t\t\t\t\t\t\t\t\t<\/div>\n\t\t\t\t<div class=\"elementor-element elementor-element-abbde2e elementor-hidden-desktop elementor-hidden-tablet elementor-widget elementor-widget-image\" data-id=\"abbde2e\" data-element_type=\"widget\" data-widget_type=\"image.default\">\n\t\t\t\t\t\t\t\t\t\t\t\t\t\t\t<img loading=\"lazy\" decoding=\"async\" width=\"462\" height=\"474\" src=\"https:\/\/www.bois-de-regate.com\/wp-content\/uploads\/2025\/09\/IMG_0053_HEIC.avif\" class=\"attachment-large size-large wp-image-152\" alt=\"\" \/>\t\t\t\t\t\t\t\t\t\t\t\t\t\t\t<\/div>\n\t\t\t\t\t<\/div>\n\t\t\t\t<\/div>\n\t\t<div class=\"elementor-element elementor-element-1af1ac9 e-flex e-con-boxed e-con e-parent\" data-id=\"1af1ac9\" data-element_type=\"container\">\n\t\t\t\t\t<div class=\"e-con-inner\">\n\t\t\t\t<div class=\"elementor-element elementor-element-2be3355 elementor-hidden-desktop elementor-hidden-tablet elementor-widget elementor-widget-image\" data-id=\"2be3355\" data-element_type=\"widget\" data-widget_type=\"image.default\">\n\t\t\t\t\t\t\t\t\t\t\t\t\t\t\t<img loading=\"lazy\" decoding=\"async\" width=\"632\" height=\"474\" src=\"https:\/\/www.bois-de-regate.com\/wp-content\/uploads\/2025\/09\/IMG_6626_HEIC.avif\" class=\"attachment-large size-large wp-image-150\" alt=\"\" \/>\t\t\t\t\t\t\t\t\t\t\t\t\t\t\t<\/div>\n\t\t\t\t\t<\/div>\n\t\t\t\t<\/div>\n\t\t<div class=\"elementor-element elementor-element-bc97752 e-flex e-con-boxed e-con e-parent\" data-id=\"bc97752\" data-element_type=\"container\">\n\t\t\t\t\t<div class=\"e-con-inner\">\n\t\t\t\t<div class=\"elementor-element elementor-element-7486eb5 elementor-hidden-desktop elementor-hidden-tablet elementor-widget elementor-widget-image\" data-id=\"7486eb5\" data-element_type=\"widget\" data-widget_type=\"image.default\">\n\t\t\t\t\t\t\t\t\t\t\t\t\t\t\t<img loading=\"lazy\" decoding=\"async\" width=\"356\" height=\"474\" src=\"https:\/\/www.bois-de-regate.com\/wp-content\/uploads\/2025\/09\/9CADB20B-BCD7-47AC-8C96-1A482C84F018_HEIC.avif\" class=\"attachment-large size-large wp-image-149\" alt=\"\" \/>\t\t\t\t\t\t\t\t\t\t\t\t\t\t\t<\/div>\n\t\t\t\t<div class=\"elementor-element elementor-element-0069129 elementor-hidden-desktop elementor-hidden-tablet elementor-widget elementor-widget-image\" data-id=\"0069129\" data-element_type=\"widget\" data-widget_type=\"image.default\">\n\t\t\t\t\t\t\t\t\t\t\t\t\t\t\t<img loading=\"lazy\" decoding=\"async\" width=\"356\" height=\"474\" src=\"https:\/\/www.bois-de-regate.com\/wp-content\/uploads\/2025\/09\/IMG_6051-2_heic.avif\" class=\"attachment-large size-large wp-image-148\" alt=\"\" \/>\t\t\t\t\t\t\t\t\t\t\t\t\t\t\t<\/div>\n\t\t\t\t\t<\/div>\n\t\t\t\t<\/div>\n\t\t<div class=\"elementor-element elementor-element-d76e2e2 elementor-hidden-mobile e-flex e-con-boxed e-con e-parent\" data-id=\"d76e2e2\" data-element_type=\"container\">\n\t\t\t\t\t<div class=\"e-con-inner\">\n\t\t\t\t<div class=\"elementor-element elementor-element-36a2ab1 elementor-widget elementor-widget-image\" data-id=\"36a2ab1\" data-element_type=\"widget\" data-widget_type=\"image.default\">\n\t\t\t\t\t\t\t\t\t\t\t\t\t\t\t<img loading=\"lazy\" decoding=\"async\" width=\"800\" height=\"174\" src=\"https:\/\/www.bois-de-regate.com\/wp-content\/uploads\/2025\/09\/Capture-decran-2025-09-12-a-22.12.42-1024x223.png\" class=\"attachment-large size-large wp-image-156\" alt=\"\" srcset=\"https:\/\/www.bois-de-regate.com\/wp-content\/uploads\/2025\/09\/Capture-decran-2025-09-12-a-22.12.42-1024x223.png 1024w, https:\/\/www.bois-de-regate.com\/wp-content\/uploads\/2025\/09\/Capture-decran-2025-09-12-a-22.12.42-300x65.png 300w, https:\/\/www.bois-de-regate.com\/wp-content\/uploads\/2025\/09\/Capture-decran-2025-09-12-a-22.12.42-768x167.png 768w, https:\/\/www.bois-de-regate.com\/wp-content\/uploads\/2025\/09\/Capture-decran-2025-09-12-a-22.12.42-1536x335.png 1536w, https:\/\/www.bois-de-regate.com\/wp-content\/uploads\/2025\/09\/Capture-decran-2025-09-12-a-22.12.42-2048x446.png 2048w\" sizes=\"(max-width: 800px) 100vw, 800px\" \/>\t\t\t\t\t\t\t\t\t\t\t\t\t\t\t<\/div>\n\t\t\t\t\t<\/div>\n\t\t\t\t<\/div>\n\t\t<div class=\"elementor-element elementor-element-eb8a4e5 e-flex e-con-boxed e-con e-parent\" data-id=\"eb8a4e5\" data-element_type=\"container\" id=\"contact\" data-settings=\"{&quot;background_background&quot;:&quot;classic&quot;}\">\n\t\t\t\t\t<div class=\"e-con-inner\">\n\t\t\t\t<div class=\"elementor-element elementor-element-2ee0cdf elementor-widget elementor-widget-text-editor\" data-id=\"2ee0cdf\" data-element_type=\"widget\" data-widget_type=\"text-editor.default\">\n\t\t\t\t\t\t\t\t\t<div id=\"comp-mddc3c42\" class=\"Z_l5lU ku3DBC zQ9jDz qvSjx3 Vq6kJx comp-mddc3c42 wixui-rich-text\" data-testid=\"richTextElement\"><h2 class=\"font_2 wixui-rich-text__text\"><span class=\"wixui-rich-text__text\"><span class=\"color_15 wixui-rich-text__text\">Un projet ? Contactez-moi !<\/span><\/span><\/h2><\/div><div id=\"comp-mddc3c46\" class=\"Z_l5lU ku3DBC zQ9jDz qvSjx3 Vq6kJx comp-mddc3c46 wixui-rich-text\" data-testid=\"richTextElement\"><p class=\"font_7 wixui-rich-text__text\"><span class=\"wixui-rich-text__text\">Si vous \u00eates int\u00e9ress\u00e9 par l\u2019une de mes cr\u00e9ations ou si vous avez un projet en t\u00eate, n\u2019h\u00e9sitez pas \u00e0 me contacter. Je serai heureux d\u2019\u00e9changer avec vous, de discuter de vos envies et de vous accompagner dans la r\u00e9alisation d\u2019une sculpture personnalis\u00e9e.\u00a0<\/span><\/p><p class=\"font_7 wixui-rich-text__text\">\u00a0<\/p><p class=\"font_7 wixui-rich-text__text\"><span class=\"wixui-rich-text__text\">Par mail :\u00a0<a class=\"wixui-rich-text__text\" href=\"mailto:contact@bois-de-regate.com\" data-auto-recognition=\"true\">contact@bois-de-regate.com<\/a><\/span><\/p><\/div>\t\t\t\t\t\t\t\t<\/div>\n\t\t\t\t\t<\/div>\n\t\t\t\t<\/div>\n\t\t\t\t<\/div>\n\t\t","protected":false},"excerpt":{"rendered":"<p>\u00c0 PROPOS Comme beaucoup, la p\u00e9riode Covid m\u2019a permis de laisser m\u00fbrir mes inspirations et de prendre le temps de r\u00e9fl\u00e9chir la mise en \u0153uvre. \u00a0 Ma passion, c&#8217;est le bateau, la voile et le plaisir d&#8217;admirer ces si belles cr\u00e9ations dans les ports et plans d\u2019eau de nos c\u00f4tes fran\u00e7aises. C&#8217;est un vrai r\u00e9gal [&hellip;]<\/p>\n","protected":false},"author":1,"featured_media":0,"parent":0,"menu_order":0,"comment_status":"closed","ping_status":"closed","template":"","meta":{"footnotes":""},"class_list":["post-139","page","type-page","status-publish","hentry"],"_links":{"self":[{"href":"https:\/\/www.bois-de-regate.com\/index.php?rest_route=\/wp\/v2\/pages\/139","targetHints":{"allow":["GET"]}}],"collection":[{"href":"https:\/\/www.bois-de-regate.com\/index.php?rest_route=\/wp\/v2\/pages"}],"about":[{"href":"https:\/\/www.bois-de-regate.com\/index.php?rest_route=\/wp\/v2\/types\/page"}],"author":[{"embeddable":true,"href":"https:\/\/www.bois-de-regate.com\/index.php?rest_route=\/wp\/v2\/users\/1"}],"replies":[{"embeddable":true,"href":"https:\/\/www.bois-de-regate.com\/index.php?rest_route=%2Fwp%2Fv2%2Fcomments&post=139"}],"version-history":[{"count":8,"href":"https:\/\/www.bois-de-regate.com\/index.php?rest_route=\/wp\/v2\/pages\/139\/revisions"}],"predecessor-version":[{"id":163,"href":"https:\/\/www.bois-de-regate.com\/index.php?rest_route=\/wp\/v2\/pages\/139\/revisions\/163"}],"wp:attachment":[{"href":"https:\/\/www.bois-de-regate.com\/index.php?rest_route=%2Fwp%2Fv2%2Fmedia&parent=139"}],"curies":[{"name":"wp","href":"https:\/\/api.w.org\/{rel}","templated":true}]}}